{"id":1231,"date":"2023-06-07T09:35:14","date_gmt":"2023-06-07T09:35:14","guid":{"rendered":"http:\/\/www.greencalc.pt\/?page_id=1231"},"modified":"2023-06-07T09:36:48","modified_gmt":"2023-06-07T09:36:48","slug":"politique-de-confidentialite","status":"publish","type":"page","link":"http:\/\/www.usefulanswer.com\/?page_id=1231&lang=fr","title":{"rendered":"Politique de confidentialit\u00e9"},"content":{"rendered":"\t\t<div data-elementor-type=\"wp-page\" data-elementor-id=\"1231\" class=\"elementor elementor-1231\">\n\t\t\t\t\t\t\t\t\t<section class=\"elementor-section elementor-top-section elementor-element elementor-element-5c5a747 elementor-section-boxed elementor-section-height-default elementor-section-height-default\" data-id=\"5c5a747\" data-element_type=\"section\">\n\t\t\t\t\t\t<div class=\"elementor-container elementor-column-gap-default\">\n\t\t\t\t\t<div class=\"elementor-column elementor-col-100 elementor-top-column elementor-element elementor-element-36378028\" data-id=\"36378028\" data-element_type=\"column\">\n\t\t\t<div class=\"elementor-widget-wrap elementor-element-populated\">\n\t\t\t\t\t\t\t\t<div class=\"elementor-element elementor-element-26e71765 elementor-widget elementor-widget-text-editor\" data-id=\"26e71765\" data-element_type=\"widget\" data-widget_type=\"text-editor.default\">\n\t\t\t\t<div class=\"elementor-widget-container\">\n\t\t\t<style>\/*! elementor - v3.11.2 - 22-02-2023 *\/\n.elementor-widget-text-editor.elementor-drop-cap-view-stacked .elementor-drop-cap{background-color:#818a91;color:#fff}.elementor-widget-text-editor.elementor-drop-cap-view-framed .elementor-drop-cap{color:#818a91;border:3px solid;background-color:transparent}.elementor-widget-text-editor:not(.elementor-drop-cap-view-default) .elementor-drop-cap{margin-top:8px}.elementor-widget-text-editor:not(.elementor-drop-cap-view-default) .elementor-drop-cap-letter{width:1em;height:1em}.elementor-widget-text-editor .elementor-drop-cap{float:left;text-align:center;line-height:1;font-size:50px}.elementor-widget-text-editor .elementor-drop-cap-letter{display:inline-block}<\/style>\t\t\t\t<p><strong>Politique de confidentialit\u00e9<\/strong><\/p><p><strong>Introduction :<\/strong><\/p><p>Nous respectons votre vie priv\u00e9e et nous nous engageons \u00e0 prot\u00e9ger vos informations personnelles. La pr\u00e9sente politique de confidentialit\u00e9 explique comment nous recueillons, utilisons et prot\u00e9geons vos informations lorsque vous visitez notre site web.<\/p><p><strong>Collecte d&#8217;informations :<\/strong><\/p><p>Nous pouvons recueillir des informations personnelles telles que votre nom, votre adresse \u00e9lectronique et votre num\u00e9ro de t\u00e9l\u00e9phone lorsque vous remplissez un formulaire sur notre site web ou que vous nous contactez par courrier \u00e9lectronique. Nous pouvons \u00e9galement recueillir des informations non personnelles telles que votre adresse IP, votre type de navigateur et votre syst\u00e8me d&#8217;exploitation \u00e0 des fins d&#8217;analyse.<\/p><p><strong>Utilisation des informations :<\/strong><\/p><p>Nous utilisons les informations que nous recueillons pour am\u00e9liorer notre site web et nos services, pour communiquer avec vous et pour personnaliser votre exp\u00e9rience. Nous pouvons \u00e9galement utiliser vos informations pour vous envoyer des bulletins d&#8217;information, du mat\u00e9riel promotionnel et d&#8217;autres communications commerciales.<\/p><p><strong>Partage des informations :<\/strong><\/p><p>Nous ne vendons pas, n&#8217;\u00e9changeons pas et ne louons pas vos informations personnelles \u00e0 des tiers. Nous pouvons partager vos informations avec nos partenaires de confiance qui nous aident \u00e0 exploiter notre site web ou \u00e0 fournir des services. Nous pouvons \u00e9galement divulguer vos informations si la loi l&#8217;exige ou en r\u00e9ponse \u00e0 une d\u00e9cision de justice.<\/p><p><strong>S\u00e9curit\u00e9 des donn\u00e9es :<\/strong><\/p><p>Nous prenons des mesures appropri\u00e9es pour prot\u00e9ger vos informations contre l&#8217;acc\u00e8s non autoris\u00e9, l&#8217;alt\u00e9ration, la divulgation ou la destruction. Nous utilisons des technologies s\u00e9curis\u00e9es pour prot\u00e9ger vos donn\u00e9es pendant leur transmission et leur stockage.<\/p><p><strong>Cookies :<\/strong><\/p><p>Nous pouvons utiliser des cookies pour collecter des informations sur votre comportement de navigation sur notre site web. Les cookies sont de petits fichiers texte qui sont stock\u00e9s sur votre appareil. Vous pouvez choisir de d\u00e9sactiver les cookies dans les param\u00e8tres de votre navigateur, mais cela peut affecter votre capacit\u00e9 \u00e0 acc\u00e9der \u00e0 certaines fonctionnalit\u00e9s de notre site web.<\/p><p><strong>Liens vers des sites web de tiers :<\/strong><\/p><p>Notre site web peut contenir des liens vers des sites web de tiers qui ne nous appartiennent pas et ne sont pas contr\u00f4l\u00e9s par nous. Nous ne sommes pas responsables des pratiques en mati\u00e8re de protection de la vie priv\u00e9e ou du contenu de ces sites web. Nous vous encourageons \u00e0 lire les politiques de confidentialit\u00e9 de ces sites avant de fournir des informations personnelles.<\/p><p><strong>Modifications de la politique de confidentialit\u00e9 :<\/strong><\/p><p>Nous pouvons mettre \u00e0 jour cette politique de confidentialit\u00e9 de temps \u00e0 autre. Nous vous informerons de toute modification en publiant la nouvelle politique de confidentialit\u00e9 sur notre site web. L&#8217;utilisation de notre site web apr\u00e8s les modifications constitue votre acceptation de la politique mise \u00e0 jour.<\/p>\t\t\t\t\t\t<\/div>\n\t\t\t\t<\/div>\n\t\t\t\t\t<\/div>\n\t\t<\/div>\n\t\t\t\t\t\t\t<\/div>\n\t\t<\/section>\n\t\t\t\t\t\t\t<\/div>\n\t\t","protected":false},"excerpt":{"rendered":"<p>Politique de confidentialit\u00e9 Introduction : Nous respectons votre vie priv\u00e9e et nous nous engageons \u00e0 prot\u00e9ger vos informations personnelles. La pr\u00e9sente politique [&hellip;]<\/p>\n","protected":false},"author":1,"featured_media":0,"parent":0,"menu_order":0,"comment_status":"closed","ping_status":"open","template":"elementor_header_footer","meta":{"footnotes":""},"class_list":["post-1231","page","type-page","status-publish","hentry"],"_links":{"self":[{"href":"http:\/\/www.usefulanswer.com\/index.php?rest_route=\/wp\/v2\/pages\/1231","targetHints":{"allow":["GET"]}}],"collection":[{"href":"http:\/\/www.usefulanswer.com\/index.php?rest_route=\/wp\/v2\/pages"}],"about":[{"href":"http:\/\/www.usefulanswer.com\/index.php?rest_route=\/wp\/v2\/types\/page"}],"author":[{"embeddable":true,"href":"http:\/\/www.usefulanswer.com\/index.php?rest_route=\/wp\/v2\/users\/1"}],"replies":[{"embeddable":true,"href":"http:\/\/www.usefulanswer.com\/index.php?rest_route=%2Fwp%2Fv2%2Fcomments&post=1231"}],"version-history":[{"count":4,"href":"http:\/\/www.usefulanswer.com\/index.php?rest_route=\/wp\/v2\/pages\/1231\/revisions"}],"predecessor-version":[{"id":1235,"href":"http:\/\/www.usefulanswer.com\/index.php?rest_route=\/wp\/v2\/pages\/1231\/revisions\/1235"}],"wp:attachment":[{"href":"http:\/\/www.usefulanswer.com\/index.php?rest_route=%2Fwp%2Fv2%2Fmedia&parent=1231"}],"curies":[{"name":"wp","href":"https:\/\/api.w.org\/{rel}","templated":true}]}}