{"id":3,"date":"2023-02-13T16:19:37","date_gmt":"2023-02-13T16:19:37","guid":{"rendered":"http:\/\/www.greencalc.pt\/?page_id=3"},"modified":"2023-05-13T21:18:50","modified_gmt":"2023-05-13T21:18:50","slug":"politica-privacidade","status":"publish","type":"page","link":"http:\/\/www.usefulanswer.com\/?page_id=3","title":{"rendered":"Pol\u00edtica de privacidade"},"content":{"rendered":"\t\t<div data-elementor-type=\"wp-page\" data-elementor-id=\"3\" class=\"elementor elementor-3\">\n\t\t\t\t\t\t\t\t\t<section class=\"elementor-section elementor-top-section elementor-element elementor-element-5c5a747 elementor-section-boxed elementor-section-height-default elementor-section-height-default\" data-id=\"5c5a747\" data-element_type=\"section\">\n\t\t\t\t\t\t<div class=\"elementor-container elementor-column-gap-default\">\n\t\t\t\t\t<div class=\"elementor-column elementor-col-100 elementor-top-column elementor-element elementor-element-36378028\" data-id=\"36378028\" data-element_type=\"column\">\n\t\t\t<div class=\"elementor-widget-wrap elementor-element-populated\">\n\t\t\t\t\t\t\t\t<div class=\"elementor-element elementor-element-26e71765 elementor-widget elementor-widget-text-editor\" data-id=\"26e71765\" data-element_type=\"widget\" data-widget_type=\"text-editor.default\">\n\t\t\t\t<div class=\"elementor-widget-container\">\n\t\t\t<style>\/*! elementor - v3.11.2 - 22-02-2023 *\/\n.elementor-widget-text-editor.elementor-drop-cap-view-stacked .elementor-drop-cap{background-color:#818a91;color:#fff}.elementor-widget-text-editor.elementor-drop-cap-view-framed .elementor-drop-cap{color:#818a91;border:3px solid;background-color:transparent}.elementor-widget-text-editor:not(.elementor-drop-cap-view-default) .elementor-drop-cap{margin-top:8px}.elementor-widget-text-editor:not(.elementor-drop-cap-view-default) .elementor-drop-cap-letter{width:1em;height:1em}.elementor-widget-text-editor .elementor-drop-cap{float:left;text-align:center;line-height:1;font-size:50px}.elementor-widget-text-editor .elementor-drop-cap-letter{display:inline-block}<\/style>\t\t\t\t<div class=\"elementor-element elementor-element-ea31bcf elementor-widget elementor-widget-heading\" data-id=\"ea31bcf\" data-element_type=\"widget\" data-widget_type=\"heading.default\">\n<div class=\"elementor-widget-container\">\n<h4 class=\"elementor-heading-title elementor-size-default\">Pol\u00edtica de privacidade<\/h4>\n<\/div>\n<\/div>\n<div class=\"elementor-element elementor-element-cb8ff4f elementor-widget elementor-widget-text-editor\" data-id=\"cb8ff4f\" data-element_type=\"widget\" data-widget_type=\"text-editor.default\">\n<div class=\"elementor-widget-container\">\n<p><strong>Introdu\u00e7\u00e3o<\/strong>:<\/p>\n<p>Respeitamos a sua privacidade e estamos empenhados em proteger as suas informa\u00e7\u00f5es pessoais. Esta pol\u00edtica de privacidade explica como recolhemos, utilizamos, e salvaguardamos as suas informa\u00e7\u00f5es quando visita o nosso website.<\/p>\n<p><strong>Recolha de informa\u00e7\u00f5es<\/strong>:<\/p>\n<p>Podemos recolher informa\u00e7\u00f5es pessoais como o seu nome, endere\u00e7o de e-mail e n\u00famero de telefone quando preenche um formul\u00e1rio no nosso website ou quando nos contacta atrav\u00e9s de e-mail. Podemos tamb\u00e9m recolher informa\u00e7\u00f5es n\u00e3o pessoais, tais como o seu endere\u00e7o IP, tipo de navegador, e sistema operativo para fins anal\u00edticos.<\/p>\n<p><strong>Utiliza\u00e7\u00e3o da informa\u00e7\u00e3o<\/strong>:<\/p>\n<p>Utilizamos as informa\u00e7\u00f5es que recolhemos para melhorar o nosso website e servi\u00e7os, para comunicar consigo, e para personalizar a sua experi\u00eancia. Tamb\u00e9m podemos utilizar as suas informa\u00e7\u00f5es para lhe enviar newsletters, materiais promocionais e outras comunica\u00e7\u00f5es de marketing.<\/p>\n<p><strong>Partilha de informa\u00e7\u00f5es<\/strong>:<\/p>\n<p>N\u00e3o vendemos, trocamos, ou alugamos as suas informa\u00e7\u00f5es pessoais a terceiros. Podemos partilhar as suas informa\u00e7\u00f5es com os nossos parceiros de confian\u00e7a que nos assistem no funcionamento do nosso website ou na presta\u00e7\u00e3o de servi\u00e7os. Podemos igualmente divulgar as suas informa\u00e7\u00f5es, se exigido por lei ou em resposta a uma ordem judicial.<\/p>\n<p><strong>Seguran\u00e7a de dados<\/strong>:<\/p>\n<p>Tomamos as medidas adequadas para salvaguardar as suas informa\u00e7\u00f5es contra acesso n\u00e3o autorizado, altera\u00e7\u00e3o, divulga\u00e7\u00e3o, ou destrui\u00e7\u00e3o. Utilizamos tecnologias seguras para proteger os seus dados durante a transmiss\u00e3o e armazenamento.<\/p>\n<p><strong>Cookies<\/strong>:<\/p>\n<p>Podemos utilizar cookies para recolher informa\u00e7\u00f5es sobre o seu comportamento de navega\u00e7\u00e3o no nosso website. Os cookies s\u00e3o pequenos ficheiros de texto que s\u00e3o armazenados no seu dispositivo. Pode optar por desactivar os cookies nas defini\u00e7\u00f5es do seu navegador, mas isto pode afectar a sua capacidade de aceder a algumas caracter\u00edsticas do nosso website.<\/p>\n<p><strong>Liga\u00e7\u00f5es a websites de terceiros<\/strong>:<\/p>\n<p>O nosso website pode conter links para websites de terceiros que n\u00e3o s\u00e3o propriedade ou controlados por n\u00f3s. N\u00e3o somos respons\u00e1veis pelas pr\u00e1ticas de privacidade ou conte\u00fado destes websites. Encorajamo-lo a ler as pol\u00edticas de privacidade destes websites antes de fornecer quaisquer informa\u00e7\u00f5es pessoais.<\/p>\n<p><strong>Altera\u00e7\u00f5es \u00e0 Pol\u00edtica de Privacidade<\/strong>:<\/p>\n<p>Podemos actualizar esta pol\u00edtica de privacidade de tempos a tempos. Iremos notificar o utilizador de quaisquer altera\u00e7\u00f5es, colocando a nova pol\u00edtica de privacidade no nosso website. A utiliza\u00e7\u00e3o do nosso website ap\u00f3s as altera\u00e7\u00f5es, constitui a sua aceita\u00e7\u00e3o da pol\u00edtica actualizada.<\/p>\n<\/div>\n<\/div>\t\t\t\t\t\t<\/div>\n\t\t\t\t<\/div>\n\t\t\t\t\t<\/div>\n\t\t<\/div>\n\t\t\t\t\t\t\t<\/div>\n\t\t<\/section>\n\t\t\t\t\t\t\t<\/div>\n\t\t","protected":false},"excerpt":{"rendered":"<p>Pol\u00edtica de privacidade Introdu\u00e7\u00e3o: Respeitamos a sua privacidade e estamos empenhados em proteger as suas informa\u00e7\u00f5es pessoais. Esta pol\u00edtica de privacidade explica [&hellip;]<\/p>\n","protected":false},"author":1,"featured_media":0,"parent":0,"menu_order":0,"comment_status":"closed","ping_status":"open","template":"elementor_header_footer","meta":{"footnotes":""},"class_list":["post-3","page","type-page","status-publish","hentry"],"_links":{"self":[{"href":"http:\/\/www.usefulanswer.com\/index.php?rest_route=\/wp\/v2\/pages\/3","targetHints":{"allow":["GET"]}}],"collection":[{"href":"http:\/\/www.usefulanswer.com\/index.php?rest_route=\/wp\/v2\/pages"}],"about":[{"href":"http:\/\/www.usefulanswer.com\/index.php?rest_route=\/wp\/v2\/types\/page"}],"author":[{"embeddable":true,"href":"http:\/\/www.usefulanswer.com\/index.php?rest_route=\/wp\/v2\/users\/1"}],"replies":[{"embeddable":true,"href":"http:\/\/www.usefulanswer.com\/index.php?rest_route=%2Fwp%2Fv2%2Fcomments&post=3"}],"version-history":[{"count":3,"href":"http:\/\/www.usefulanswer.com\/index.php?rest_route=\/wp\/v2\/pages\/3\/revisions"}],"predecessor-version":[{"id":1078,"href":"http:\/\/www.usefulanswer.com\/index.php?rest_route=\/wp\/v2\/pages\/3\/revisions\/1078"}],"wp:attachment":[{"href":"http:\/\/www.usefulanswer.com\/index.php?rest_route=%2Fwp%2Fv2%2Fmedia&parent=3"}],"curies":[{"name":"wp","href":"https:\/\/api.w.org\/{rel}","templated":true}]}}